{"id":1155,"date":"2018-05-26T09:43:54","date_gmt":"2018-05-26T07:43:54","guid":{"rendered":"http:\/\/www.jazztrio.at\/?page_id=1155"},"modified":"2018-05-26T09:45:44","modified_gmt":"2018-05-26T07:45:44","slug":"data-protection","status":"publish","type":"page","link":"https:\/\/www.jazztrio.at\/?page_id=1155","title":{"rendered":"data protection"},"content":{"rendered":"<h2><span style=\"color: #ffffff;\"><strong>Datenschutz<\/strong><\/span><\/h2>\n<p>Die Internetseite verwendet an mehreren Stellen so genannte Cookies. Sie dienen dazu, unser Angebot nutzerfreundlicher, effektiver und sicherer zu machen. Cookies sind kleine Textdateien, die auf Ihrem Rechner abgelegt werden und die Ihr Browser speichert. Die meisten der von uns verwendeten Cookies sind so genannte \u201eSession-Cookies\u201c. Sie werden nach Ende Ihres Besuchs automatisch gel\u00f6scht.<\/p>\n<p>Cookies richten auf Ihrem Rechner keinen Schaden an und enthalten keine Viren. Sie k\u00f6nnen die Installation der Cookies durch eine entsprechende Einstellung Ihrer Browser Software verhindern; wir weisen Sie jedoch darauf hin, dass Sie in diesem Fall gegebenenfalls nicht s\u00e4mtliche Funktionen dieser Website voll umf\u00e4nglich nutzen k\u00f6nnen.<\/p>\n<p>SSL-Verschl\u00fcsselung<\/p>\n<p>Um die Sicherheit Ihrer Daten bei der \u00dcbertragung zu sch\u00fctzen, verwenden wir dem aktuellen Stand der Technik entsprechende Verschl\u00fcsselungsverfahren (z. B. SSL) \u00fcber HTTPS.<\/p>\n<p>Kontaktformular<\/p>\n<p>Treten Sie per E-Mail oder Kontaktformular mit uns in Kontakt, werden die von Ihnen gemachten Angaben zum Zwecke der Bearbeitung der Anfrage sowie f\u00fcr m\u00f6gliche Anschlussfragen gespeichert.<\/p>\n<p>L\u00f6schung bzw. Sperrung der Daten<\/p>\n<p>Wir halten uns an die Grunds\u00e4tze der Datenvermeidung und Datensparsamkeit. Wir speichern Ihre personenbezogenen Daten daher nur so lange, wie dies zur Erreichung der hier genannten Zwecke erforderlich ist oder wie es die vom Gesetzgeber vorgesehenen vielf\u00e4ltigen Speicherfristen vorsehen. Nach Fortfall des jeweiligen Zweckes bzw. Ablauf dieser Fristen werden die entsprechenden Daten routinem\u00e4\u00dfig und entsprechend den gesetzlichen Vorschriften gesperrt oder gel\u00f6scht.<\/p>\n<p>Verwendung von Google Fonts<\/p>\n<p>Auf dieser Internetseite werden externe Schriften, Google Fonts verwendet. Google Fonts ist ein Dienst der Google Inc. (\u201eGoogle\u201c). Die Einbindung dieser Web Fonts erfolgt durch einen Serveraufruf, in der Regel ein Server von Google in den USA. Hierdurch wird an den Server \u00fcbermittelt, welche unserer Internetseiten Sie besucht haben. Auch wird die IP-Adresse des Browsers des Endger\u00e4tes des Besuchers dieser Internetseiten von Google gespeichert. N\u00e4here Informationen finden Sie in den Datenschutzhinweisen von Google, die Sie hier abrufen k\u00f6nnen:<\/p>\n<p>www.google.com\/fonts#AboutPlace:about<\/p>\n<p>www.google.com\/policies\/privacy\/<\/p>\n<p>Ihre Rechte auf Auskunft, Berichtigung, Sperre, L\u00f6schung und Widerspruch<\/p>\n<p>Sie haben das Recht, jederzeit Auskunft \u00fcber Ihre bei uns gespeicherten personenbezogenen Daten zu erhalten. Ebenso haben Sie das Recht auf Berichtigung, Sperrung oder, abgesehen von der vorgeschriebenen Datenspeicherung zur Vereinsabwicklung, L\u00f6schung Ihrer personenbezogenen Daten. Bitte wenden Sie sich dazu an office@jazztrio.at<\/p>\n<p>Damit eine Sperre von Daten jederzeit ber\u00fccksichtigt werden kann, m\u00fcssen diese Daten zu Kontrollzwecken in einer Sperrdatei vorgehalten werden. Sie k\u00f6nnen auch die L\u00f6schung der Daten verlangen, soweit keine gesetzliche Archivierungsverpflichtung besteht. Soweit eine solche Verpflichtung besteht, sperren wir Ihre Daten auf Wunsch.<\/p>\n<p>Sie k\u00f6nnen \u00c4nderungen oder den Widerruf einer Einwilligung durch entsprechende Mitteilung an uns mit Wirkung f\u00fcr die Zukunft vornehmen.<\/p>\n<p>\u00c4nderung unserer Datenschutzbestimmungen<\/p>\n<p>Wir behalten uns vor, diese Datenschutzerkl\u00e4rung gelegentlich anzupassen, damit sie stets den aktuellen rechtlichen Anforderungen entspricht oder um \u00c4nderungen unserer Leistungen in der Datenschutzerkl\u00e4rung umzusetzen, z. B. bei der Einf\u00fchrung neuer Services. F\u00fcr Ihren erneuten Besuch gilt dann die neue Datenschutzerkl\u00e4rung.<\/p>\n<p>Information zum Datenschutz gem. DSGVO Art 13 und Art 14<\/p>\n<p>&nbsp;<\/p>\n<ol>\n<li>Wer ist f\u00fcr die Verarbeitung der personenbezogenen Daten verantwortlich?<\/li>\n<\/ol>\n<ul>\n<li>jazztrio.at Weidlingerstrasse \u00a049\/1\/4 A 3400 Klosterneuburg<\/li>\n<li>Wolfgang Wehner<\/li>\n<\/ul>\n<p>Welche\u00a0personenbezogenen Daten werden verarbeitet und woher stammen sie?<\/p>\n<p>Als Mitglied des jazztrio.at werden Ihre folgenden personenbezogenen Daten verarbeitet:<\/p>\n<p>Vorname, Nachname, Geschlecht, Geburtsdatum, Wohnadresse (Stra\u00dfe, Ort, Postleitzahl), Telefonnummer, e-mail Adresse, sowie Transaktionen auf unser Vereinskonto.<\/p>\n<p>Als Bezieher des Newsletter des jazztrio.at werden folgende personenbezogene Daten verarbeitet:<\/p>\n<p>Vorname, Nachname, e-mail Adresse<\/p>\n<p>Die personenbezogenen Daten, welche wir \u00fcber Sie verarbeiten, haben Sie uns bekannt gegeben: per e-mail und durch die Erkl\u00e4rung der Mitgliedschaft, sowie durch \u00dcberweisungen auf unser Vereinskonto.<\/p>\n<p>F\u00fcr eine detaillierte, Se betreffende Aufstellung, k\u00f6nnen Sie Ihr Recht auf Auskunft geltend machen.<\/p>\n<ol start=\"3\">\n<li>Zu welchem Zweck und auf welcher Rechtsgrundlage werden meine personenbezogenen Daten verarbeitet?<\/li>\n<\/ol>\n<p>Wir verarbeiten Ihre personenbezogenen Daten f\u00fcr die Abwicklung der Vereinst\u00e4tigkeit im Zuge der Mitgliederverwaltung und zum Versand von Newslettern.<\/p>\n<ol start=\"4\">\n<li>An wen werden meine personenbezogenen Daten weitergegeben?<\/li>\n<\/ol>\n<p>Ihre personenbezogenen Daten werden nur innerhalb des jazztrio.at von den ehrenamtlichen Mitarbeitern zum Zweck der Vereinsorganisation verwendet.<\/p>\n<p>Ihre Daten werden nicht an Dritte weitergegeben.<\/p>\n<ol start=\"5\">\n<li>Werden meine personenbezogenen Daten in ein Drittland weitergegeben?<\/li>\n<\/ol>\n<p>Da wir keine Daten an Dritte weitergeben, werden Ihre Daten auch nicht in ein Drittland weitergegeben.<\/p>\n<ol start=\"6\">\n<li>Wie lange werden meine personenbezogenen Daten aufbewahrt?<\/li>\n<\/ol>\n<p>Ihre personenbezogenen Daten werden jedenfalls so lange aufbewahrt, wie es f\u00fcr die Erf\u00fcllung der jeweiligen Zwecke erforderlich ist. Dar\u00fcber hinaus schreibt das Gesetz (\u00a7 132 Abs 1 BAO) vor, dass wir personenbezogene Daten f\u00fcr einen bestimmten Zeitraum aufbewahren m\u00fcssen.<\/p>\n<ol start=\"7\">\n<li>Welche Rechte habe ich?<\/li>\n<\/ol>\n<p>Die DSGVO gew\u00e4hrt ihnen in Zusammenhang mit Ihren personenbezogenen Daten die folgenden Rechte:<\/p>\n<ul>\n<li>Das Recht auf Auskunft<\/li>\n<li>Das Recht auf Berichtigung<\/li>\n<li>Das Recht auf L\u00f6schung<\/li>\n<li>Das Recht auf Einschr\u00e4nkung der Verarbeitung<\/li>\n<li>Das Recht auf Daten\u00fcbertragbarkeit<\/li>\n<li>Das Recht auf Widerspruch<\/li>\n<\/ul>\n<p>Egal welches Recht sie geltend machen, Sie k\u00f6nnen Ihren Antrag wie folgt an uns \u00fcbermitteln:<\/p>\n<ul>\n<li>Per Brief an unsere unter Punkt 1 angef\u00fchrte Vereinsadresse \u2013 Bitte eigenh\u00e4ndig unterschreiben mit Ausweiskopie<\/li>\n<li>Pers\u00f6nlich an unsere unter Punkt 1 angef\u00fchrte Vereinsadresse (von Juni \u2013 September und im Februar ist der Vereinssitz geschlossen)<\/li>\n<li>Per e-mail unter dem Stichwort DSGVO an office@jazztrio.at (nur mit qualifizierter elektronischer Signatur m\u00f6glich)<\/li>\n<\/ul>\n<p>Bitte haben Sie Verst\u00e4ndnis daf\u00fcr, dass wir in Zweifelsf\u00e4llen weitere Angaben zu Ihrer Identit\u00e4t verlangen k\u00f6nnen. Dies dient auch zu Ihrem Schutz, um Unberechtigten keinen Zugang zu Ihren Daten zu erm\u00f6glichen.<\/p>\n<p>Wenn Sie keine zeitgerechte Antwort auf einen Antrag erhalten oder der Ansicht sind, dass jazztrio.at \u00a0ihrem Antrag nicht gesetzm\u00e4\u00dfig nachgekommen ist, oder wenn Sie sich sonst in Ihrem Recht auf Datenschutz verletzt erachten, k\u00f6nnen Sie auch Beschwerde bei der zust\u00e4ndigen Aufsichtsbeh\u00f6rde einlegen:<\/p>\n","protected":false},"excerpt":{"rendered":"<p>Datenschutz Die Internetseite verwendet an mehreren Stellen so genannte Cookies. Sie dienen dazu, unser Angebot nutzerfreundlicher, effektiver und sicherer zu machen. Cookies sind kleine Textdateien, die auf Ihrem Rechner abgelegt werden und die Ihr Browser speichert. Die meisten der von uns verwendeten Cookies sind so genannte \u201eSession-Cookies\u201c. Sie werden nach Ende Ihres Besuchs automatisch gel\u00f6scht. [&hellip;]<\/p>\n","protected":false},"author":1,"featured_media":0,"parent":0,"menu_order":0,"comment_status":"closed","ping_status":"closed","template":"","meta":[],"_links":{"self":[{"href":"https:\/\/www.jazztrio.at\/index.php?rest_route=\/wp\/v2\/pages\/1155"}],"collection":[{"href":"https:\/\/www.jazztrio.at\/index.php?rest_route=\/wp\/v2\/pages"}],"about":[{"href":"https:\/\/www.jazztrio.at\/index.php?rest_route=\/wp\/v2\/types\/page"}],"author":[{"embeddable":true,"href":"https:\/\/www.jazztrio.at\/index.php?rest_route=\/wp\/v2\/users\/1"}],"replies":[{"embeddable":true,"href":"https:\/\/www.jazztrio.at\/index.php?rest_route=%2Fwp%2Fv2%2Fcomments&post=1155"}],"version-history":[{"count":3,"href":"https:\/\/www.jazztrio.at\/index.php?rest_route=\/wp\/v2\/pages\/1155\/revisions"}],"predecessor-version":[{"id":1159,"href":"https:\/\/www.jazztrio.at\/index.php?rest_route=\/wp\/v2\/pages\/1155\/revisions\/1159"}],"wp:attachment":[{"href":"https:\/\/www.jazztrio.at\/index.php?rest_route=%2Fwp%2Fv2%2Fmedia&parent=1155"}],"curies":[{"name":"wp","href":"https:\/\/api.w.org\/{rel}","templated":true}]}}