{"id":1711,"date":"2025-04-17T14:38:12","date_gmt":"2025-04-17T12:38:12","guid":{"rendered":"https:\/\/www.jazztrio.at\/?page_id=1711"},"modified":"2025-04-17T14:43:40","modified_gmt":"2025-04-17T12:43:40","slug":"jazztrio-at-info","status":"publish","type":"page","link":"https:\/\/www.jazztrio.at\/?page_id=1711","title":{"rendered":"Jazztrio.at INFO"},"content":{"rendered":"\n<figure class=\"wp-block-image size-full\"><img decoding=\"async\" loading=\"lazy\" width=\"1024\" height=\"680\" src=\"http:\/\/www.jazztrio.at\/wp-content\/uploads\/2025\/04\/1-1-_DSC0263.jpg\" alt=\"\" class=\"wp-image-1697\" srcset=\"https:\/\/www.jazztrio.at\/wp-content\/uploads\/2025\/04\/1-1-_DSC0263.jpg 1024w, https:\/\/www.jazztrio.at\/wp-content\/uploads\/2025\/04\/1-1-_DSC0263-300x199.jpg 300w, https:\/\/www.jazztrio.at\/wp-content\/uploads\/2025\/04\/1-1-_DSC0263-768x510.jpg 768w, https:\/\/www.jazztrio.at\/wp-content\/uploads\/2025\/04\/1-1-_DSC0263-587x390.jpg 587w\" sizes=\"(max-width: 1024px) 100vw, 1024px\" \/><\/figure>\n\n\n\n<p><\/p>\n\n\n\n<p><\/p>\n\n\n\n<p>Die Formation wurde 2016 gegr\u00fcndet und besteht mit Thomas Barth am Piano, Johannes Strasser am Kontrabass und Wolfgang Wehner am Schlagzeug aus Musikern mit internationalem Renommee, musikalischer Reife und Raffinesse, deren Zusammenspiel die Zuh\u00f6rer anspricht, inspiriert, und bewegt.<\/p>\n\n\n\n<p>Aus der Qualit\u00e4t des Zuh\u00f6rens und der Freude an der Musik entsteht so ein immer wieder neu empfundenes Klangbild, in dem sich thematische Elemente aus dem \u201eGreat American Songbook\u201c mit der europ\u00e4ischen Musiktradition verbinden und sich in einer breiten Palette an konventionellen und progressiven musikalischen Farben und Formen atmosph\u00e4rish ausdr\u00fccken.<\/p>\n\n\n\n<p>Als Beispiel f\u00fcr die Resonanz, die das Trio Gruppe bei Konzerten erzeugt, einige Ausschnitte von Reaktionen nach einem Konzert im HOB i RAUM, Bad V\u00f6slau am 22.02. 2025:<\/p>\n\n\n\n<p>\u201e \u2026 Garant f\u00fcr einen fulminanten Jazzabend, der niemanden kalt lie\u00df [\u2026]. Vorangetrieben durch die z\u00fcgellose Begeisterung des Publikums liefen die Vollblutmusiker zur H\u00f6chstform auf und ernteten am Ende v\u00f6llig zu Recht stehende Ovationen.\u201c<\/p>\n\n\n\n<p>\u201eIch durfte einen Abend erleben, der stimmig war und dazu noch von h\u00f6chster musikalischer Qualit\u00e4t! Es freut mich, dass ihr euch wohl gef\u00fchlt habt. Man hats gesp\u00fcrt in eurem Gestaltungswillen und dem Enthusiasmus, die ihr in eure Interpretationen gelegt habt\u201c.<\/p>\n\n\n\n<p>\u201e \u2026 wie ihr euch mit kleinsten Gesten durch die Nummern f\u00fchrt und so ein gro\u00dfartiges, mitrei\u00dfendes und herzerw\u00e4rmendes Programm spielt ist toll! Und so viel Leidenschaft auf der B\u00fchne steckt nat\u00fcrlich auch das Publikum an. Ich bin froh, dass ich dabei war\u201c<\/p>\n\n\n\n<p><\/p>\n\n\n\n<p><\/p>\n\n\n\n<p><\/p>\n\n\n\n<figure class=\"wp-block-embed is-type-video is-provider-youtube wp-block-embed-youtube wp-embed-aspect-16-9 wp-has-aspect-ratio\"><div class=\"wp-block-embed__wrapper\">\n<iframe loading=\"lazy\" title=\"South of Trondheim \/ Danny Boy\" width=\"626\" height=\"352\" src=\"https:\/\/www.youtube.com\/embed\/pY1_hSFY7h0?feature=oembed\" frameborder=\"0\" allow=\"accelerometer; autoplay; clipboard-write; encrypted-media; gyroscope; picture-in-picture; web-share\" referrerpolicy=\"strict-origin-when-cross-origin\" allowfullscreen><\/iframe>\n<\/div><\/figure>\n\n\n\n<p><\/p>\n\n\n\n<p><\/p>\n\n\n\n<p><\/p>\n\n\n\n<p>Link Video HOB I RAUM<\/p>\n\n\n\n<p><a href=\"https:\/\/www.facebook.com\/share\/v\/15Gkfk1NfK\/\">https:\/\/www.facebook.com\/share\/v\/15Gkfk1NfK\/<\/a><\/p>\n","protected":false},"excerpt":{"rendered":"<p>Die Formation wurde 2016 gegr\u00fcndet und besteht mit Thomas Barth am Piano, Johannes Strasser am Kontrabass und Wolfgang Wehner am Schlagzeug aus Musikern mit internationalem Renommee, musikalischer Reife und Raffinesse, deren Zusammenspiel die Zuh\u00f6rer anspricht, inspiriert, und bewegt. Aus der Qualit\u00e4t des Zuh\u00f6rens und der Freude an der Musik entsteht so ein immer wieder neu [&hellip;]<\/p>\n","protected":false},"author":1,"featured_media":0,"parent":0,"menu_order":0,"comment_status":"closed","ping_status":"closed","template":"","meta":[],"_links":{"self":[{"href":"https:\/\/www.jazztrio.at\/index.php?rest_route=\/wp\/v2\/pages\/1711"}],"collection":[{"href":"https:\/\/www.jazztrio.at\/index.php?rest_route=\/wp\/v2\/pages"}],"about":[{"href":"https:\/\/www.jazztrio.at\/index.php?rest_route=\/wp\/v2\/types\/page"}],"author":[{"embeddable":true,"href":"https:\/\/www.jazztrio.at\/index.php?rest_route=\/wp\/v2\/users\/1"}],"replies":[{"embeddable":true,"href":"https:\/\/www.jazztrio.at\/index.php?rest_route=%2Fwp%2Fv2%2Fcomments&post=1711"}],"version-history":[{"count":6,"href":"https:\/\/www.jazztrio.at\/index.php?rest_route=\/wp\/v2\/pages\/1711\/revisions"}],"predecessor-version":[{"id":1721,"href":"https:\/\/www.jazztrio.at\/index.php?rest_route=\/wp\/v2\/pages\/1711\/revisions\/1721"}],"wp:attachment":[{"href":"https:\/\/www.jazztrio.at\/index.php?rest_route=%2Fwp%2Fv2%2Fmedia&parent=1711"}],"curies":[{"name":"wp","href":"https:\/\/api.w.org\/{rel}","templated":true}]}}